{"id":84,"date":"2018-12-18T12:38:12","date_gmt":"2018-12-18T12:38:12","guid":{"rendered":"http:\/\/skischule.primussport.ch\/?page_id=84"},"modified":"2020-01-23T17:40:36","modified_gmt":"2020-01-23T15:40:36","slug":"outdoor","status":"publish","type":"page","link":"http:\/\/www.snowboardschule.com\/de\/erlebnisse\/outdoor\/","title":{"rendered":"Outdoor"},"content":{"rendered":"\t\t<div data-elementor-type=\"wp-post\" data-elementor-id=\"84\" class=\"elementor elementor-84\" data-elementor-post-type=\"page\">\n\t\t\t\t\t\t<section class=\"elementor-section elementor-top-section elementor-element elementor-element-fcdddb3 elementor-section-height-min-height elementor-section-stretched elementor-section-items-top elementor-section-boxed elementor-section-height-default\" data-id=\"fcdddb3\" data-element_type=\"section\" data-settings=\"{&quot;background_background&quot;:&quot;classic&quot;,&quot;stretch_section&quot;:&quot;section-stretched&quot;,&quot;background_motion_fx_motion_fx_scrolling&quot;:&quot;yes&quot;,&quot;background_motion_fx_scale_effect&quot;:&quot;yes&quot;,&quot;background_motion_fx_scale_speed&quot;:{&quot;unit&quot;:&quot;px&quot;,&quot;size&quot;:2,&quot;sizes&quot;:[]},&quot;background_motion_fx_scale_range&quot;:{&quot;unit&quot;:&quot;%&quot;,&quot;size&quot;:&quot;&quot;,&quot;sizes&quot;:{&quot;start&quot;:47,&quot;end&quot;:80}},&quot;background_motion_fx_scale_direction&quot;:&quot;out-in&quot;,&quot;background_motion_fx_devices&quot;:[&quot;desktop&quot;,&quot;tablet&quot;,&quot;mobile&quot;]}\">\n\t\t\t\t\t\t<div class=\"elementor-container elementor-column-gap-default\">\n\t\t\t\t\t<div class=\"elementor-column elementor-col-100 elementor-top-column elementor-element elementor-element-1861cdd\" data-id=\"1861cdd\" data-element_type=\"column\">\n\t\t\t<div class=\"elementor-widget-wrap\">\n\t\t\t\t\t\t\t<\/div>\n\t\t<\/div>\n\t\t\t\t\t<\/div>\n\t\t<\/section>\n\t\t\t\t<section class=\"elementor-section elementor-top-section elementor-element elementor-element-b5f3386 elementor-section-stretched elementor-section-boxed elementor-section-height-default elementor-section-height-default\" data-id=\"b5f3386\" data-element_type=\"section\" data-settings=\"{&quot;background_background&quot;:&quot;classic&quot;,&quot;stretch_section&quot;:&quot;section-stretched&quot;}\">\n\t\t\t\t\t\t\t<div class=\"elementor-background-overlay\"><\/div>\n\t\t\t\t\t\t\t<div class=\"elementor-container elementor-column-gap-default\">\n\t\t\t\t\t<div class=\"elementor-column elementor-col-100 elementor-top-column elementor-element elementor-element-1330410\" data-id=\"1330410\" data-element_type=\"column\">\n\t\t\t<div class=\"elementor-widget-wrap elementor-element-populated\">\n\t\t\t\t\t\t<div class=\"elementor-element elementor-element-fc45e73 elementor-widget elementor-widget-heading\" data-id=\"fc45e73\" data-element_type=\"widget\" data-widget_type=\"heading.default\">\n\t\t\t\t<div class=\"elementor-widget-container\">\n\t\t\t\t\t<h1 class=\"elementor-heading-title elementor-size-default\">Outdoor<\/h1>\t\t\t\t<\/div>\n\t\t\t\t<\/div>\n\t\t\t\t<div class=\"elementor-element elementor-element-8c9474a elementor-widget elementor-widget-text-editor\" data-id=\"8c9474a\" data-element_type=\"widget\" data-widget_type=\"text-editor.default\">\n\t\t\t\t<div class=\"elementor-widget-container\">\n\t\t\t\t\t\t\t\t\t<h2 style=\"text-align: center;\">Wir organisieren und du erlebst unvergessliche Momente!<\/h2><p style=\"text-align: center;\">Aufstieg mit Schneeschuhen oder Tourenski und Outdoor-\u00dcbernachtung im Iglu, Bivak oder im Expeditionszelt mit fr\u00fchmorgendlicher Talfahrt organisieren wir bei guten Wetterverh\u00e4ltnissen f\u00fcr Gruppen oder Einzelpersonen. Gerne stellen wir dir ein passendes Programm zusammen!<\/p><p style=\"text-align: center;\">F\u00fcr weitere Infos ruf uns an unter <span style=\"text-decoration: underline;\"><span style=\"color: #ffffff; text-decoration: underline;\"><a style=\"color: #ffffff; text-decoration: underline;\" href=\"tel:\/\/+41813846717\">+41 81 384 67 17<\/a><\/span><\/span> oder sende uns eine E-mail an die Mailadresse: <span style=\"text-decoration: underline;\"><span style=\"color: #ffffff;\"><a style=\"color: #ffffff; text-decoration: underline;\" href=\"mailto:info@snowboardschule.com\">info@snowboardschule.com<\/a><\/span><\/span><\/p>\t\t\t\t\t\t\t\t<\/div>\n\t\t\t\t<\/div>\n\t\t\t\t<div class=\"elementor-element elementor-element-2a4789f elementor-widget elementor-widget-template\" data-id=\"2a4789f\" data-element_type=\"widget\" data-widget_type=\"template.default\">\n\t\t\t\t<div class=\"elementor-widget-container\">\n\t\t\t\t\t\t\t<div class=\"elementor-template\">\n\t\t\t\t\t<div data-elementor-type=\"section\" data-elementor-id=\"1717\" class=\"elementor elementor-1717\" data-elementor-post-type=\"elementor_library\">\n\t\t\t\t\t<div class=\"elementor-section-wrap\">\n\t\t\t\t\t\t\t\t<section class=\"elementor-section elementor-inner-section elementor-element elementor-element-14ed6999 elementor-section-boxed elementor-section-height-default elementor-section-height-default\" data-id=\"14ed6999\" data-element_type=\"section\">\n\t\t\t\t\t\t<div class=\"elementor-container elementor-column-gap-default\">\n\t\t\t\t\t<div class=\"elementor-column elementor-col-100 elementor-inner-column elementor-element elementor-element-6e93aa15\" data-id=\"6e93aa15\" data-element_type=\"column\">\n\t\t\t<div class=\"elementor-widget-wrap elementor-element-populated\">\n\t\t\t\t\t\t<div class=\"elementor-element elementor-element-25114f0d elementor-align-center elementor-widget elementor-widget-button\" data-id=\"25114f0d\" data-element_type=\"widget\" data-widget_type=\"button.default\">\n\t\t\t\t<div class=\"elementor-widget-container\">\n\t\t\t\t\t\t\t\t\t<div class=\"elementor-button-wrapper\">\n\t\t\t\t\t<a class=\"elementor-button elementor-button-link elementor-size-lg\" href=\"tel:\/\/+41813846717\">\n\t\t\t\t\t\t<span class=\"elementor-button-content-wrapper\">\n\t\t\t\t\t\t<span class=\"elementor-button-icon\">\n\t\t\t\t<i aria-hidden=\"true\" class=\"fas fa-mobile-alt\"><\/i>\t\t\t<\/span>\n\t\t\t\t\t\t\t\t\t<span class=\"elementor-button-text\">Jetzt anrufen und anmelden<\/span>\n\t\t\t\t\t<\/span>\n\t\t\t\t\t<\/a>\n\t\t\t\t<\/div>\n\t\t\t\t\t\t\t\t<\/div>\n\t\t\t\t<\/div>\n\t\t\t\t\t<\/div>\n\t\t<\/div>\n\t\t\t\t\t<\/div>\n\t\t<\/section>\n\t\t\t\t\t\t\t<\/div>\n\t\t\t\t<\/div>\n\t\t\t\t<\/div>\n\t\t\t\t\t\t<\/div>\n\t\t\t\t<\/div>\n\t\t\t\t\t<\/div>\n\t\t<\/div>\n\t\t\t\t\t<\/div>\n\t\t<\/section>\n\t\t\t\t<\/div>\n\t\t","protected":false},"excerpt":{"rendered":"<p>Wir organisieren und du erlebst unvergessliche Momente! Aufstieg mit Schneeschuhen oder Tourenski und Outdoor-\u00dcbernachtung im Iglu, Bivak oder im Expeditionszelt mit fr\u00fchmorgendlicher Talfahrt organisieren wir bei guten Wetterverh\u00e4ltnissen f\u00fcr Gruppen oder Einzelpersonen. Gerne stellen wir dir ein passendes Programm zusammen! F\u00fcr weitere Infos ruf uns an unter +41 81 384 67 17 oder sende uns [&hellip;]<\/p>\n","protected":false},"author":2,"featured_media":0,"parent":1395,"menu_order":4,"comment_status":"closed","ping_status":"closed","template":"fullwidth-without-container.php","meta":{"_acf_changed":false,"footnotes":""},"class_list":["post-84","page","type-page","status-publish","hentry"],"acf":[],"yoast_head":"<!-- This site is optimized with the Yoast SEO plugin v24.1 - https:\/\/yoast.com\/wordpress\/plugins\/seo\/ -->\n<title>Outdoor ~ Snowboardschule Primus<\/title>\n<meta name=\"description\" content=\"Professional instruction in small groups or privately using the most up-to-date teaching methods is what you can expect at the Primus ski-and snow board school in Lenzerheide, Switzerland.\" \/>\n<meta name=\"robots\" content=\"index, follow, max-snippet:-1, max-image-preview:large, max-video-preview:-1\" \/>\n<link rel=\"canonical\" href=\"https:\/\/www.snowboardschule.com\/de\/erlebnisse\/outdoor\/\" \/>\n<meta property=\"og:locale\" content=\"de_DE\" \/>\n<meta property=\"og:type\" content=\"article\" \/>\n<meta property=\"og:title\" content=\"Outdoor ~ Snowboardschule Primus\" \/>\n<meta property=\"og:description\" content=\"Professional instruction in small groups or privately using the most up-to-date teaching methods is what you can expect at the Primus ski-and snow board school in Lenzerheide, Switzerland.\" \/>\n<meta property=\"og:url\" content=\"https:\/\/www.snowboardschule.com\/de\/erlebnisse\/outdoor\/\" \/>\n<meta property=\"og:site_name\" content=\"Snowboardschule Primus\" \/>\n<meta property=\"article:publisher\" content=\"https:\/\/www.facebook.com\/Snowboardschule\/\" \/>\n<meta property=\"article:modified_time\" content=\"2020-01-23T15:40:36+00:00\" \/>\n<meta name=\"twitter:card\" content=\"summary_large_image\" \/>\n<script type=\"application\/ld+json\" class=\"yoast-schema-graph\">{\"@context\":\"https:\/\/schema.org\",\"@graph\":[{\"@type\":\"WebPage\",\"@id\":\"https:\/\/www.snowboardschule.com\/de\/erlebnisse\/outdoor\/\",\"url\":\"https:\/\/www.snowboardschule.com\/de\/erlebnisse\/outdoor\/\",\"name\":\"Outdoor ~ Snowboardschule Primus\",\"isPartOf\":{\"@id\":\"https:\/\/www.snowboardschule.com\/de\/#website\"},\"datePublished\":\"2018-12-18T12:38:12+00:00\",\"dateModified\":\"2020-01-23T15:40:36+00:00\",\"description\":\"Professional instruction in small groups or privately using the most up-to-date teaching methods is what you can expect at the Primus ski-and snow board school in Lenzerheide, Switzerland.\",\"breadcrumb\":{\"@id\":\"https:\/\/www.snowboardschule.com\/de\/erlebnisse\/outdoor\/#breadcrumb\"},\"inLanguage\":\"de\",\"potentialAction\":[{\"@type\":\"ReadAction\",\"target\":[\"https:\/\/www.snowboardschule.com\/de\/erlebnisse\/outdoor\/\"]}]},{\"@type\":\"BreadcrumbList\",\"@id\":\"https:\/\/www.snowboardschule.com\/de\/erlebnisse\/outdoor\/#breadcrumb\",\"itemListElement\":[{\"@type\":\"ListItem\",\"position\":1,\"name\":\"Home\",\"item\":\"https:\/\/www.snowboardschule.com\/de\/\"},{\"@type\":\"ListItem\",\"position\":2,\"name\":\"Erlebnisse\",\"item\":\"http:\/\/www.snowboardschule.com\/de\/erlebnisse\/\"},{\"@type\":\"ListItem\",\"position\":3,\"name\":\"Outdoor\"}]},{\"@type\":\"WebSite\",\"@id\":\"https:\/\/www.snowboardschule.com\/de\/#website\",\"url\":\"https:\/\/www.snowboardschule.com\/de\/\",\"name\":\"Snowboardschule Primus\",\"description\":\"Die \u00e4lteste Snowboardschule der Welt!\",\"publisher\":{\"@id\":\"https:\/\/www.snowboardschule.com\/de\/#organization\"},\"potentialAction\":[{\"@type\":\"SearchAction\",\"target\":{\"@type\":\"EntryPoint\",\"urlTemplate\":\"https:\/\/www.snowboardschule.com\/de\/?s={search_term_string}\"},\"query-input\":{\"@type\":\"PropertyValueSpecification\",\"valueRequired\":true,\"valueName\":\"search_term_string\"}}],\"inLanguage\":\"de\"},{\"@type\":\"Organization\",\"@id\":\"https:\/\/www.snowboardschule.com\/de\/#organization\",\"name\":\"Snowboardschule Primus\",\"url\":\"https:\/\/www.snowboardschule.com\/de\/\",\"logo\":{\"@type\":\"ImageObject\",\"inLanguage\":\"de\",\"@id\":\"https:\/\/www.snowboardschule.com\/de\/#\/schema\/logo\/image\/\",\"url\":\"https:\/\/www.snowboardschule.com\/wp-content\/uploads\/sites\/3\/2020\/01\/SBPrimus_pos_420.png\",\"contentUrl\":\"https:\/\/www.snowboardschule.com\/wp-content\/uploads\/sites\/3\/2020\/01\/SBPrimus_pos_420.png\",\"width\":420,\"height\":157,\"caption\":\"Snowboardschule Primus\"},\"image\":{\"@id\":\"https:\/\/www.snowboardschule.com\/de\/#\/schema\/logo\/image\/\"},\"sameAs\":[\"https:\/\/www.facebook.com\/Snowboardschule\/\"]}]}<\/script>\n<!-- \/ Yoast SEO plugin. -->","yoast_head_json":{"title":"Outdoor ~ Snowboardschule Primus","description":"Professional instruction in small groups or privately using the most up-to-date teaching methods is what you can expect at the Primus ski-and snow board school in Lenzerheide, Switzerland.","robots":{"index":"index","follow":"follow","max-snippet":"max-snippet:-1","max-image-preview":"max-image-preview:large","max-video-preview":"max-video-preview:-1"},"canonical":"https:\/\/www.snowboardschule.com\/de\/erlebnisse\/outdoor\/","og_locale":"de_DE","og_type":"article","og_title":"Outdoor ~ Snowboardschule Primus","og_description":"Professional instruction in small groups or privately using the most up-to-date teaching methods is what you can expect at the Primus ski-and snow board school in Lenzerheide, Switzerland.","og_url":"https:\/\/www.snowboardschule.com\/de\/erlebnisse\/outdoor\/","og_site_name":"Snowboardschule Primus","article_publisher":"https:\/\/www.facebook.com\/Snowboardschule\/","article_modified_time":"2020-01-23T15:40:36+00:00","twitter_card":"summary_large_image","schema":{"@context":"https:\/\/schema.org","@graph":[{"@type":"WebPage","@id":"https:\/\/www.snowboardschule.com\/de\/erlebnisse\/outdoor\/","url":"https:\/\/www.snowboardschule.com\/de\/erlebnisse\/outdoor\/","name":"Outdoor ~ Snowboardschule Primus","isPartOf":{"@id":"https:\/\/www.snowboardschule.com\/de\/#website"},"datePublished":"2018-12-18T12:38:12+00:00","dateModified":"2020-01-23T15:40:36+00:00","description":"Professional instruction in small groups or privately using the most up-to-date teaching methods is what you can expect at the Primus ski-and snow board school in Lenzerheide, Switzerland.","breadcrumb":{"@id":"https:\/\/www.snowboardschule.com\/de\/erlebnisse\/outdoor\/#breadcrumb"},"inLanguage":"de","potentialAction":[{"@type":"ReadAction","target":["https:\/\/www.snowboardschule.com\/de\/erlebnisse\/outdoor\/"]}]},{"@type":"BreadcrumbList","@id":"https:\/\/www.snowboardschule.com\/de\/erlebnisse\/outdoor\/#breadcrumb","itemListElement":[{"@type":"ListItem","position":1,"name":"Home","item":"https:\/\/www.snowboardschule.com\/de\/"},{"@type":"ListItem","position":2,"name":"Erlebnisse","item":"http:\/\/www.snowboardschule.com\/de\/erlebnisse\/"},{"@type":"ListItem","position":3,"name":"Outdoor"}]},{"@type":"WebSite","@id":"https:\/\/www.snowboardschule.com\/de\/#website","url":"https:\/\/www.snowboardschule.com\/de\/","name":"Snowboardschule Primus","description":"Die \u00e4lteste Snowboardschule der Welt!","publisher":{"@id":"https:\/\/www.snowboardschule.com\/de\/#organization"},"potentialAction":[{"@type":"SearchAction","target":{"@type":"EntryPoint","urlTemplate":"https:\/\/www.snowboardschule.com\/de\/?s={search_term_string}"},"query-input":{"@type":"PropertyValueSpecification","valueRequired":true,"valueName":"search_term_string"}}],"inLanguage":"de"},{"@type":"Organization","@id":"https:\/\/www.snowboardschule.com\/de\/#organization","name":"Snowboardschule Primus","url":"https:\/\/www.snowboardschule.com\/de\/","logo":{"@type":"ImageObject","inLanguage":"de","@id":"https:\/\/www.snowboardschule.com\/de\/#\/schema\/logo\/image\/","url":"https:\/\/www.snowboardschule.com\/wp-content\/uploads\/sites\/3\/2020\/01\/SBPrimus_pos_420.png","contentUrl":"https:\/\/www.snowboardschule.com\/wp-content\/uploads\/sites\/3\/2020\/01\/SBPrimus_pos_420.png","width":420,"height":157,"caption":"Snowboardschule Primus"},"image":{"@id":"https:\/\/www.snowboardschule.com\/de\/#\/schema\/logo\/image\/"},"sameAs":["https:\/\/www.facebook.com\/Snowboardschule\/"]}]}},"_links":{"self":[{"href":"http:\/\/www.snowboardschule.com\/de\/wp-json\/wp\/v2\/pages\/84"}],"collection":[{"href":"http:\/\/www.snowboardschule.com\/de\/wp-json\/wp\/v2\/pages"}],"about":[{"href":"http:\/\/www.snowboardschule.com\/de\/wp-json\/wp\/v2\/types\/page"}],"author":[{"embeddable":true,"href":"http:\/\/www.snowboardschule.com\/de\/wp-json\/wp\/v2\/users\/2"}],"replies":[{"embeddable":true,"href":"http:\/\/www.snowboardschule.com\/de\/wp-json\/wp\/v2\/comments?post=84"}],"version-history":[{"count":5,"href":"http:\/\/www.snowboardschule.com\/de\/wp-json\/wp\/v2\/pages\/84\/revisions"}],"predecessor-version":[{"id":5507,"href":"http:\/\/www.snowboardschule.com\/de\/wp-json\/wp\/v2\/pages\/84\/revisions\/5507"}],"up":[{"embeddable":true,"href":"http:\/\/www.snowboardschule.com\/de\/wp-json\/wp\/v2\/pages\/1395"}],"wp:attachment":[{"href":"http:\/\/www.snowboardschule.com\/de\/wp-json\/wp\/v2\/media?parent=84"}],"curies":[{"name":"wp","href":"https:\/\/api.w.org\/{rel}","templated":true}]}}