{"id":206,"date":"2018-12-19T13:33:48","date_gmt":"2018-12-19T13:33:48","guid":{"rendered":"https:\/\/www.skischule.ch\/?page_id=206"},"modified":"2024-10-24T19:33:10","modified_gmt":"2024-10-24T17:33:10","slug":"datenschutz","status":"publish","type":"page","link":"https:\/\/www.snowboardschule.com\/de\/datenschutz\/","title":{"rendered":"Datenschutz"},"content":{"rendered":"\t\t<div data-elementor-type=\"wp-post\" data-elementor-id=\"206\" class=\"elementor elementor-206\" data-elementor-post-type=\"page\">\n\t\t\t\t\t\t<section class=\"elementor-section elementor-top-section elementor-element elementor-element-183fc4e elementor-section-stretched elementor-section-boxed elementor-section-height-default elementor-section-height-default\" data-id=\"183fc4e\" data-element_type=\"section\" data-settings=\"{&quot;stretch_section&quot;:&quot;section-stretched&quot;}\">\n\t\t\t\t\t\t<div class=\"elementor-container elementor-column-gap-default\">\n\t\t\t\t\t<div class=\"elementor-column elementor-col-100 elementor-top-column elementor-element elementor-element-91b897f\" data-id=\"91b897f\" data-element_type=\"column\">\n\t\t\t<div class=\"elementor-widget-wrap elementor-element-populated\">\n\t\t\t\t\t\t<div class=\"elementor-element elementor-element-edcf40e elementor-widget elementor-widget-heading\" data-id=\"edcf40e\" data-element_type=\"widget\" data-widget_type=\"heading.default\">\n\t\t\t\t<div class=\"elementor-widget-container\">\n\t\t\t\t\t<h1 class=\"elementor-heading-title elementor-size-default\">Privatsph\u00e4re und Datenschutz<\/h1>\t\t\t\t<\/div>\n\t\t\t\t<\/div>\n\t\t\t\t<div class=\"elementor-element elementor-element-bf7c2b7 elementor-widget elementor-widget-text-editor\" data-id=\"bf7c2b7\" data-element_type=\"widget\" data-widget_type=\"text-editor.default\">\n\t\t\t\t<div class=\"elementor-widget-container\">\n\t\t\t\t\t\t\t\t\t<p>Wir freuen uns \u00fcber dein Interesse an unserer Website.<\/p>\n<p>Der Schutz deiner Privatsph\u00e4re ist f\u00fcr uns sehr wichtig. Nachstehend informieren wir dich ausf\u00fchrlich \u00fcber den Umgang mit deinen Daten.<\/p>\n<h3>Erhebung, Verarbeitung und Nutzung personenbezogener Daten<\/h3>\n<p>Du kannst unsere Seite besuchen, ohne Angaben zu deiner Person zu machen. Wir speichern lediglich Zugriffsdaten ohne Personenbezug wie z.B. den Namen deines Internet Service Providers, die Seite, von der aus du uns besuchst oder den Namen der angeforderten Datei. Diese Daten werden ausschlie\u00dflich zur Verbesserung unseres Angebotes ausgewertet und erlauben keinen R\u00fcckschluss auf deine Person.<\/p>\n<p>Personenbezogene Daten werden nur erhoben, wenn du uns diese im Rahmen deiner Warenbestellung oder bei Er\u00f6ffnung eines Kundenkontos oder Registrierung f\u00fcr unseren Newsletter oder der Registrierung freiwillig mitteilst. Wir verwenden die von dir mitgeteilten Daten ohne deine gesonderte Einwilligung ausschlie\u00dflich zur Erf\u00fcllung und Abwicklung unserer Servicedienstleistungen. Mit vollst\u00e4ndiger Abwicklung des Vertrages und vollst\u00e4ndiger Kaufpreiszahlung werden deine Daten f\u00fcr die weitere Verwendung gesperrt und nach Ablauf der steuer- und handelsrechtlichen Vorschriften gel\u00f6scht, sofern du nicht ausdr\u00fccklich in die weitere Nutzung deiner Daten eingewilligt hast. Bei Anmeldung zum Newsletter wird deine E-Mail-Adresse mit deiner Einwilligung f\u00fcr eigene Werbezwecke genutzt bis du dich vom Newsletter abmeldest. Die Abmeldung ist jederzeit m\u00f6glich.<\/p>\n<h3>Verwendung von Cookies<\/h3>\n<p>Auf verschiedenen Seiten verwenden wir Cookies, um den Besuch unserer Website attraktiv zu gestalten und die Nutzung bestimmter Funktionen zu erm\u00f6glichen. Hierbei handelt es sich um kleine Textdateien, die auf deinem Rechner abgelegt werden. Die meisten der von uns verwendeten Cookies werden nach Ende der Browser-Sitzung wieder von deiner Festplatte gel\u00f6scht (sog. Sitzungs-Cookies). Andere Cookies verbleiben auf deinem Rechner und erm\u00f6glichen uns, deinen Rechner bei deinem n\u00e4chsten Besuch wieder zu erkennen (sog. dauerhafte Cookies).<\/p>\n<p>Diese Cookies dienen der Begr\u00fc\u00dfung mit deinem Benutzernamen und er\u00fcbrigen dir bei Folgebestellungen die erneute Eingabe Ihres Passworts oder das Ausf\u00fcllen von Formularen mit deinen Daten. Unseren Partnerunternehmen ist es nicht gestattet, \u00fcber unsere Website personenbezogene Daten mittels Cookies zu erheben, zu verarbeiten oder zu nutzen.<\/p>\n<h3>Einsatz von Facebook LIKE BUTTONS<\/h3>\n<p>Unser Internetauftritt verwendet Social Plugins (&#8222;Plugins&#8220;) des sozialen Netzwerkes facebook.com, welches von der Facebook Inc., 1601 S. California Ave, Palo Alto, CA 94304, USA betrieben wird (&#8222;Facebook&#8220;). Die Plugins sind an einem der Facebook Logos erkennbar (wei\u00dfes \u201ef&#8220;auf blauer Kachel oder ein \u201eDaumen hoch&#8220;-Zeichen) oder sind mit dem Zusatz&#8220;Facebook Social Plugin&#8220;gekennzeichnet. Die Liste und das Aussehen der Facebook Social Plugins kann hier eingesehen werden: http:\/\/developers.facebook.com\/plugins. Wenn du eine Website unseres Internetauftritts aufrufst, die ein solches Plugin enth\u00e4lt, baut dein Browser eine direkte Verbindung mit den Servern von Facebook auf. Der Inhalt des Plugins wird von Facebook direkt an deinen Browser \u00fcbermittelt und von diesem in die Website eingebunden. Wir haben daher keinen Einfluss auf den Umfang der Daten, die Facebook mit Hilfe dieses Plugins erhebt und informieren dich daher entsprechend unserem Kenntnisstand: Durch die Einbindung der Plugins erh\u00e4lt Facebook die Information, dass du die entsprechende Seite unseres Internetauftritts aufgerufen hast. Bist du bei Facebook eingeloggt, kann Facebook den Besuch deinem Facebook-Konto zuordnen. Wenn du mit den Plugins interagieren, zum Beispiel den Like Button best\u00e4tigst oder einen Kommentar abgibst, wird die entsprechende Information von deinem Browser direkt an Facebook \u00fcbermittelt und dort gespeichert. Falls du kein Mitglied von Facebook bist, besteht trotzdem die M\u00f6glichkeit, dass Facebook deine IP-Adresse in Erfahrung bringt und speichert. Zweck und Umfang der Datenerhebung und die weitere Verarbeitung und Nutzung der Daten durch Facebook sowie deine diesbez\u00fcglichen Rechte und Einstellungsmoglichkeiten zum Schutz deiner Privatssph\u00e4re entnimmst du bitte den Datenschutzhinweisen von Facebook: http:\/\/www.facebook.com\/policy.php. Wenn du Facebookmitglied bist und nicht m\u00f6chtest, dass Facebook \u00fcber unseren Internetauftritt Daten \u00fcber dich sammelt und mit deiner bei Facebook gespeicherten Mitgliedsdaten verkn\u00fcpft, musst du dich vor deinem Besuch unseres Internetauftritts bei Facebook ausloggen. Ebenfalls ist es moglich Facebook-Social-Plugins mit Add-ons f\u00fcr deinen Browser zu blocken, zum Beispiel mit dem&#8220;Facebook Blocker&#8220;.<\/p>\n<h3>Einsatz von Google +1<\/h3>\n<p>Unser Internetauftritt verwendet die&#8220;+1\u2033-Schaltfl\u00e4che des sozialen Netzwerkes Google Plus, welches von der Google Inc., 1600 Amphitheatre Parkway, Mountain View, CA 94043, United States betrieben wird (&#8222;Google&#8220;). Der Button ist an dem Zeichen&#8220;+1\u2033 auf wei\u00dfem oder farbigen Hintergrund erkennbar. Wenn du eine Webseite unseres Internetauftritts aufrufst, die eine solche Schaltfl\u00e4che enth\u00e4lt, baut dein Browser eine direkte Verbindung mit den Servern von Google auf. Der Inhalt der&#8220;+1\u2033-Schaltfl\u00e4che wird von Google direkt an Ihren Browser \u00fcbermittelt und von diesem in die Webseite eingebunden. Wir haben daher keinen Einfluss auf den Umfang der Daten, die Google mit der Schaltfl\u00e4che erhebt, gehen jedoch davon aus, dass deine IP-Adresse mit erfasst wird. Zweck und Umfang der Datenerhebung und die weitere Verarbeitung und Nutzung der Daten durch Google sowie deine diesbez\u00fcglichen Rechte und Einstellungsmoglichkeiten zum Schutz deiner Privatsph\u00e4re entnimmst du bitte Googles Datenschutzhinweisen zu der&#8220;+1\u2033-Schaltfl\u00e4che: http:\/\/www.google.com\/intl\/de\/+\/policy\/+1button.html Wenn du Google Plus-Mitglied bist und nicht m\u00f6chtest, dass Google \u00fcber unseren Internetauftritt Daten \u00fcber dich sammelt und mit deinen bei Google gespeicherten Mitgliedsdaten verkn\u00fcpft, musst du dich vor deinem Besuch unseres Internetauftritts bei Google Plus ausloggen.<\/p>\n<h3>Einsatz von Google Analytics<\/h3>\n<p>Diese Website benutzt Google Analytics, einen Webanalysedienst der Google Inc. (\u201eGoogle&#8220;). Google Analytics verwendet sog. \u201eCookies&#8220;, Textdateien, die auf deinem Computer gespeichert werden und die eine Analyse der Benutzung der Website durch dich erm\u00f6glichen. Die durch den Cookie erzeugten Informationen \u00fcber deine Benutzung dieser Website (einschlie\u00dflich deiner IP-Adresse, die jedoch vor dem Speichern mit der Methode _anonymizedlp() anonymisiert wird, sodass sie nicht mehr einem Anschluss zugeordnet werden kann) wird an einen Server von Google in den USA \u00fcbertragen und dort gespeichert. Google wird diese Informationen benutzen, um deine Nutzung der Website auszuwerten, um Reports \u00fcber die Websiteaktivit\u00e4ten f\u00fcr die Websitebetreiber zusammenzustellen und um weitere mit der Websitenutzung und der Internetnutzung verbundene Dienstleistungen zu erbringen. Auch wird Google diese Informationen gegebenenfalls an Dritte \u00fcbertragen, sofern dies gesetzlich vorgeschrieben oder soweit Dritte diese Daten im Auftrag von Google verarbeiten. Google wird in keinem Fall deine IP-Adresse mit anderen Daten von Google in Verbindung bringen. Du kannst die Installation der Cookies durch eine entsprechende Einstellung deiner Browser-Software verhindern; wir weisen dich jedoch darauf hin, dass du in diesem Fall gegebenenfalls nicht s\u00e4mtliche Funktionen dieser Website vollumf\u00e4nglich nutzen kannst. Durch die Nutzung dieser Website erkl\u00e4rst du dich mit der Bearbeitung der \u00fcber dich erhobenen Daten durch Google in der zuvor beschriebenen Art und Weise und zu dem zuvor benannten Zweck einverstanden. Du kannst der Erhebung der Daten durch Google-Analytics mit Wirkung f\u00fcr die Zukunft widersprechen, indem du ein Deaktivierungs-Add-on (http:\/\/tools.google.com\/dlpage\/gaoptout?hl=de) f\u00fcr deinen Browser installieren.<\/p>\n<h3>Weitergabe personenbezogener Daten<\/h3>\n<p>Eine Weitergabe deiner Daten erfolgt an das mit der Lieferung beauftragte Versandunternehmen, soweit dies zur Lieferung der Waren notwendig ist. Zur Abwicklung von Zahlungen geben wir deine Zahlungsdaten an das mit der Zahlung beauftragte Kreditinstitut weiter. Zur Abwicklung des Services werden Daten zwischen Kunde und Anbieter weitergegeben. Eine Weitergabe an sonstige Dritte erfolgt nicht.<\/p>\n<h3>Auskunftsrecht<\/h3>\n<p>Nach dem Gesetz hast du ein Recht auf unentgeltliche Auskunft \u00fcber deine gespeicherten Daten sowie ggf. ein Recht auf Berichtigung, Sperrung oder L\u00f6schung dieser Daten.<\/p>\n<h3>Verschl\u00fcsselung<\/h3>\n<p>Alle personenbezogenen und zahlungsrelevanten Daten werden bei uns verschl\u00fcsselt \u00fcbertragen und streng vertraulich behandelt. Unser Shop ist durch ein SSL Zertifikat gesch\u00fctzt. Eine sichere Verbindung siehst du, wenn im Browser ein Schloss zu sehen ist und folgende Adresse im Browserfenster zu sehen ist: https:\/\/www.Firma.com oder .ch<\/p>\n<h3>Ansprechpartner f\u00fcr Datenschutz<\/h3>\n<p>Bei Fragen zur Erhebung, Verarbeitung oder Nutzung deiner personenbezogenen Daten, bei Ausk\u00fcnften, Berichtigung, Sperrung oder L\u00f6schung von Daten sowie Widerruf erteilter Einwilligungen wende dich bitte an:<\/p>\n<p>Primus Sport GmbH, info@primussport.ch<\/p>\t\t\t\t\t\t\t\t<\/div>\n\t\t\t\t<\/div>\n\t\t\t\t\t<\/div>\n\t\t<\/div>\n\t\t\t\t\t<\/div>\n\t\t<\/section>\n\t\t\t\t<\/div>\n\t\t","protected":false},"excerpt":{"rendered":"<p>Privatsph\u00e4re und Datenschutz Wir freuen uns \u00fcber dein Interesse an unserer Website. Der Schutz deiner Privatsph\u00e4re ist f\u00fcr uns sehr wichtig. Nachstehend informieren wir dich ausf\u00fchrlich \u00fcber den Umgang mit deinen Daten. Erhebung, Verarbeitung und Nutzung personenbezogener Daten Du kannst unsere Seite besuchen, ohne Angaben zu deiner Person zu machen. Wir speichern lediglich Zugriffsdaten ohne [&hellip;]<\/p>\n","protected":false},"author":2,"featured_media":0,"parent":0,"menu_order":0,"comment_status":"closed","ping_status":"closed","template":"fullwidth-without-container.php","meta":{"_acf_changed":false,"footnotes":""},"class_list":["post-206","page","type-page","status-publish","hentry"],"acf":[],"yoast_head":"<!-- This site is optimized with the Yoast SEO plugin v24.1 - https:\/\/yoast.com\/wordpress\/plugins\/seo\/ -->\n<title>Datenschutz ~ Snowboardschule Primus<\/title>\n<meta name=\"description\" content=\"Datenschutz der Snowboardschule Primus.\" \/>\n<meta name=\"robots\" content=\"index, follow, max-snippet:-1, max-image-preview:large, max-video-preview:-1\" \/>\n<link rel=\"canonical\" href=\"https:\/\/www.snowboardschule.com\/de\/datenschutz\/\" \/>\n<meta property=\"og:locale\" content=\"de_DE\" \/>\n<meta property=\"og:type\" content=\"article\" \/>\n<meta property=\"og:title\" content=\"Datenschutz ~ Snowboardschule Primus\" \/>\n<meta property=\"og:description\" content=\"Datenschutz der Snowboardschule Primus.\" \/>\n<meta property=\"og:url\" content=\"https:\/\/www.snowboardschule.com\/de\/datenschutz\/\" \/>\n<meta property=\"og:site_name\" content=\"Snowboardschule Primus\" \/>\n<meta property=\"article:publisher\" content=\"https:\/\/www.facebook.com\/Snowboardschule\/\" \/>\n<meta property=\"article:modified_time\" content=\"2024-10-24T17:33:10+00:00\" \/>\n<meta name=\"twitter:card\" content=\"summary_large_image\" \/>\n<meta name=\"twitter:label1\" content=\"Gesch\u00e4tzte Lesezeit\" \/>\n\t<meta name=\"twitter:data1\" content=\"7\u00a0Minuten\" \/>\n<script type=\"application\/ld+json\" class=\"yoast-schema-graph\">{\"@context\":\"https:\/\/schema.org\",\"@graph\":[{\"@type\":\"WebPage\",\"@id\":\"https:\/\/www.snowboardschule.com\/de\/datenschutz\/\",\"url\":\"https:\/\/www.snowboardschule.com\/de\/datenschutz\/\",\"name\":\"Datenschutz ~ Snowboardschule Primus\",\"isPartOf\":{\"@id\":\"https:\/\/www.snowboardschule.com\/en\/#website\"},\"datePublished\":\"2018-12-19T13:33:48+00:00\",\"dateModified\":\"2024-10-24T17:33:10+00:00\",\"description\":\"Datenschutz der Snowboardschule Primus.\",\"breadcrumb\":{\"@id\":\"https:\/\/www.snowboardschule.com\/de\/datenschutz\/#breadcrumb\"},\"inLanguage\":\"de\",\"potentialAction\":[{\"@type\":\"ReadAction\",\"target\":[\"https:\/\/www.snowboardschule.com\/de\/datenschutz\/\"]}]},{\"@type\":\"BreadcrumbList\",\"@id\":\"https:\/\/www.snowboardschule.com\/de\/datenschutz\/#breadcrumb\",\"itemListElement\":[{\"@type\":\"ListItem\",\"position\":1,\"name\":\"Home\",\"item\":\"https:\/\/www.snowboardschule.com\/de\/\"},{\"@type\":\"ListItem\",\"position\":2,\"name\":\"Datenschutz\"}]},{\"@type\":\"WebSite\",\"@id\":\"https:\/\/www.snowboardschule.com\/en\/#website\",\"url\":\"https:\/\/www.snowboardschule.com\/en\/\",\"name\":\"Snowboardschule Primus\",\"description\":\"Die \u00e4lteste Snowboardschule der Welt!\",\"publisher\":{\"@id\":\"https:\/\/www.snowboardschule.com\/en\/#organization\"},\"potentialAction\":[{\"@type\":\"SearchAction\",\"target\":{\"@type\":\"EntryPoint\",\"urlTemplate\":\"https:\/\/www.snowboardschule.com\/en\/?s={search_term_string}\"},\"query-input\":{\"@type\":\"PropertyValueSpecification\",\"valueRequired\":true,\"valueName\":\"search_term_string\"}}],\"inLanguage\":\"de\"},{\"@type\":\"Organization\",\"@id\":\"https:\/\/www.snowboardschule.com\/en\/#organization\",\"name\":\"Snowboardschule Primus\",\"url\":\"https:\/\/www.snowboardschule.com\/en\/\",\"logo\":{\"@type\":\"ImageObject\",\"inLanguage\":\"de\",\"@id\":\"https:\/\/www.snowboardschule.com\/en\/#\/schema\/logo\/image\/\",\"url\":\"https:\/\/www.snowboardschule.com\/wp-content\/uploads\/sites\/3\/2020\/01\/SBPrimus_pos_420.png\",\"contentUrl\":\"https:\/\/www.snowboardschule.com\/wp-content\/uploads\/sites\/3\/2020\/01\/SBPrimus_pos_420.png\",\"width\":420,\"height\":157,\"caption\":\"Snowboardschule Primus\"},\"image\":{\"@id\":\"https:\/\/www.snowboardschule.com\/en\/#\/schema\/logo\/image\/\"},\"sameAs\":[\"https:\/\/www.facebook.com\/Snowboardschule\/\"]}]}<\/script>\n<!-- \/ Yoast SEO plugin. -->","yoast_head_json":{"title":"Datenschutz ~ Snowboardschule Primus","description":"Datenschutz der Snowboardschule Primus.","robots":{"index":"index","follow":"follow","max-snippet":"max-snippet:-1","max-image-preview":"max-image-preview:large","max-video-preview":"max-video-preview:-1"},"canonical":"https:\/\/www.snowboardschule.com\/de\/datenschutz\/","og_locale":"de_DE","og_type":"article","og_title":"Datenschutz ~ Snowboardschule Primus","og_description":"Datenschutz der Snowboardschule Primus.","og_url":"https:\/\/www.snowboardschule.com\/de\/datenschutz\/","og_site_name":"Snowboardschule Primus","article_publisher":"https:\/\/www.facebook.com\/Snowboardschule\/","article_modified_time":"2024-10-24T17:33:10+00:00","twitter_card":"summary_large_image","twitter_misc":{"Gesch\u00e4tzte Lesezeit":"7\u00a0Minuten"},"schema":{"@context":"https:\/\/schema.org","@graph":[{"@type":"WebPage","@id":"https:\/\/www.snowboardschule.com\/de\/datenschutz\/","url":"https:\/\/www.snowboardschule.com\/de\/datenschutz\/","name":"Datenschutz ~ Snowboardschule Primus","isPartOf":{"@id":"https:\/\/www.snowboardschule.com\/en\/#website"},"datePublished":"2018-12-19T13:33:48+00:00","dateModified":"2024-10-24T17:33:10+00:00","description":"Datenschutz der Snowboardschule Primus.","breadcrumb":{"@id":"https:\/\/www.snowboardschule.com\/de\/datenschutz\/#breadcrumb"},"inLanguage":"de","potentialAction":[{"@type":"ReadAction","target":["https:\/\/www.snowboardschule.com\/de\/datenschutz\/"]}]},{"@type":"BreadcrumbList","@id":"https:\/\/www.snowboardschule.com\/de\/datenschutz\/#breadcrumb","itemListElement":[{"@type":"ListItem","position":1,"name":"Home","item":"https:\/\/www.snowboardschule.com\/de\/"},{"@type":"ListItem","position":2,"name":"Datenschutz"}]},{"@type":"WebSite","@id":"https:\/\/www.snowboardschule.com\/en\/#website","url":"https:\/\/www.snowboardschule.com\/en\/","name":"Snowboardschule Primus","description":"Die \u00e4lteste Snowboardschule der Welt!","publisher":{"@id":"https:\/\/www.snowboardschule.com\/en\/#organization"},"potentialAction":[{"@type":"SearchAction","target":{"@type":"EntryPoint","urlTemplate":"https:\/\/www.snowboardschule.com\/en\/?s={search_term_string}"},"query-input":{"@type":"PropertyValueSpecification","valueRequired":true,"valueName":"search_term_string"}}],"inLanguage":"de"},{"@type":"Organization","@id":"https:\/\/www.snowboardschule.com\/en\/#organization","name":"Snowboardschule Primus","url":"https:\/\/www.snowboardschule.com\/en\/","logo":{"@type":"ImageObject","inLanguage":"de","@id":"https:\/\/www.snowboardschule.com\/en\/#\/schema\/logo\/image\/","url":"https:\/\/www.snowboardschule.com\/wp-content\/uploads\/sites\/3\/2020\/01\/SBPrimus_pos_420.png","contentUrl":"https:\/\/www.snowboardschule.com\/wp-content\/uploads\/sites\/3\/2020\/01\/SBPrimus_pos_420.png","width":420,"height":157,"caption":"Snowboardschule Primus"},"image":{"@id":"https:\/\/www.snowboardschule.com\/en\/#\/schema\/logo\/image\/"},"sameAs":["https:\/\/www.facebook.com\/Snowboardschule\/"]}]}},"_links":{"self":[{"href":"https:\/\/www.snowboardschule.com\/de\/wp-json\/wp\/v2\/pages\/206"}],"collection":[{"href":"https:\/\/www.snowboardschule.com\/de\/wp-json\/wp\/v2\/pages"}],"about":[{"href":"https:\/\/www.snowboardschule.com\/de\/wp-json\/wp\/v2\/types\/page"}],"author":[{"embeddable":true,"href":"https:\/\/www.snowboardschule.com\/de\/wp-json\/wp\/v2\/users\/2"}],"replies":[{"embeddable":true,"href":"https:\/\/www.snowboardschule.com\/de\/wp-json\/wp\/v2\/comments?post=206"}],"version-history":[{"count":3,"href":"https:\/\/www.snowboardschule.com\/de\/wp-json\/wp\/v2\/pages\/206\/revisions"}],"predecessor-version":[{"id":5965,"href":"https:\/\/www.snowboardschule.com\/de\/wp-json\/wp\/v2\/pages\/206\/revisions\/5965"}],"wp:attachment":[{"href":"https:\/\/www.snowboardschule.com\/de\/wp-json\/wp\/v2\/media?parent=206"}],"curies":[{"name":"wp","href":"https:\/\/api.w.org\/{rel}","templated":true}]}}