{"id":208,"date":"2018-12-19T13:34:01","date_gmt":"2018-12-19T13:34:01","guid":{"rendered":"https:\/\/www.skischule.ch\/?page_id=208"},"modified":"2024-10-24T19:34:11","modified_gmt":"2024-10-24T17:34:11","slug":"impressum","status":"publish","type":"page","link":"https:\/\/www.snowboardschule.com\/de\/impressum\/","title":{"rendered":"Impressum"},"content":{"rendered":"\t\t<div data-elementor-type=\"wp-post\" data-elementor-id=\"208\" class=\"elementor elementor-208\" data-elementor-post-type=\"page\">\n\t\t\t\t\t\t<section class=\"elementor-section elementor-top-section elementor-element elementor-element-fcad951 elementor-section-stretched elementor-section-boxed elementor-section-height-default elementor-section-height-default\" data-id=\"fcad951\" data-element_type=\"section\" data-settings=\"{&quot;stretch_section&quot;:&quot;section-stretched&quot;}\">\n\t\t\t\t\t\t<div class=\"elementor-container elementor-column-gap-default\">\n\t\t\t\t\t<div class=\"elementor-column elementor-col-100 elementor-top-column elementor-element elementor-element-f541210\" data-id=\"f541210\" data-element_type=\"column\">\n\t\t\t<div class=\"elementor-widget-wrap elementor-element-populated\">\n\t\t\t\t\t\t<div class=\"elementor-element elementor-element-274117a elementor-widget elementor-widget-heading\" data-id=\"274117a\" data-element_type=\"widget\" data-widget_type=\"heading.default\">\n\t\t\t\t<div class=\"elementor-widget-container\">\n\t\t\t\t\t<h1 class=\"elementor-heading-title elementor-size-default\">Impressum<br><\/h1>\t\t\t\t<\/div>\n\t\t\t\t<\/div>\n\t\t\t\t<div class=\"elementor-element elementor-element-3eefcc3 elementor-widget elementor-widget-text-editor\" data-id=\"3eefcc3\" data-element_type=\"widget\" data-widget_type=\"text-editor.default\">\n\t\t\t\t<div class=\"elementor-widget-container\">\n\t\t\t\t\t\t\t\t\t<p>Primus Sport GmbH<\/p><p>Voa Pedra Grossa 5<\/p><p>CH-7078 Lenzerheide<\/p><p>info@primussport.ch\u00a0<\/p><p>+41 81 384 67 07\u00a0<\/p><p>\u00a0<\/p><h2>Haftungsausschluss:<\/h2><h3>Haftung f\u00fcr Inhalte<\/h3><p><span style=\"font-size: 0.9375rem;\">Die Inhalte unserer Seiten wurden mit gr\u00f6\u00dfter Sorgfalt erstellt. F\u00fcr die Richtigkeit, Vollst\u00e4ndigkeit und Aktualit\u00e4t der Inhalte k\u00f6nnen wir jedoch keine Gew\u00e4hr \u00fcbernehmen. Als Diensteanbieter sind wir gem\u00e4\u00df \u00a7 7 Abs.1 TMG f\u00fcr eigene Inhalte auf diesen Seiten nach den allgemeinen Gesetzen verantwortlich. Nach \u00a7\u00a7 8 bis 10 TMG sind wir als Diensteanbieter jedoch nicht verpflichtet, \u00fcbermittelte oder gespeicherte fremde Informationen zu \u00fcberwachen oder nach Umst\u00e4nden zu forschen, die auf eine rechtswidrige T\u00e4tigkeit hinweisen. Verpflichtungen zur Entfernung oder Sperrung der Nutzung von Informationen nach den allgemeinen Gesetzen bleiben hier von unber\u00fchrt. Eine diesbez\u00fcgliche Haftung ist jedoch erst ab dem Zeitpunkt der Kenntnis einer konkreten Rechtsverletzung m\u00f6glich. Bei Bekanntwerden von entsprechenden Rechtsverletzungen werden wir diese Inhalte umgehend entfernen.<\/span><\/p><p>\u00a0<\/p><h3>Haftung f\u00fcr Links<\/h3><p><span style=\"font-size: 0.9375rem;\">Unser Angebot enth\u00e4lt Links zu externen Websiten Dritter, auf deren Inhalte wir keinen Einfluss haben. Deshalb k\u00f6nnen wir f\u00fcr diese fremden Inhalte auch keine Gew\u00e4hr \u00fcbernehmen. F\u00fcr die Inhalte der verlinkten Seiten ist stets der jeweilige Anbieter oder Betreiber der Seiten verantwortlich. Die verlinkten Seiten wurden zum Zeitpunkt der Verlinkung auf mogliche Rechtsversto\u00dfe \u00fcberpr\u00fcft. Rechtswidrige Inhalte waren zum Zeitpunkt der Verlinkung nicht erkennbar. Eine permanente inhaltliche Kontrolle der verlinkten Seiten ist jedoch ohne konkrete Anhaltspunkte einer Rechtsverletzung nicht zumutbar. Bei Bekanntwerden von Rechtsverletzungen werden wir derartige Links umgehend entfernen.<\/span><\/p><p>\u00a0<\/p><h3>Urheberrecht<\/h3><p><span style=\"font-size: 0.9375rem;\">Die durch die Seitenbetreiber erstellten Inhalte und Werke auf diesen Seiten unterliegen dem schweizer Urheberrecht. Die Vervielf\u00e4ltigung, Bearbeitung, Verbreitung und jede Art der Verwertung au\u00dferhalb der Grenzen des Urheberrechtes bed\u00fcrfen der schriftlichen Zustimmung des jeweiligen Autors bzw. Erstellers. Downloads und Kopien dieser Seite sind nur f\u00fcr den privaten, nicht kommerziellen Gebrauch gestattet. Soweit die Inhalte auf dieser Seite nicht vom Betreiber erstellt wurden, werden die Urheberrechte Dritter beachtet. Insbesondere werden Inhalte Dritter als solche gekennzeichnet. Solltest du trotzdem auf eine Urheberrechtsverletzung aufmerksam werden, bitten wir um einen entsprechenden Hinweis. Bei Bekanntwerden von Rechtsverletzungen werden wir derartige Inhalte umgehend entfernen.<\/span><\/p><p>\u00a0<\/p><h3>Datenschutz<\/h3><p><span style=\"font-size: 0.9375rem;\">Die Nutzung unserer Webseite ist in der Regel ohne Angabe personenbezogener Daten m\u00f6glich. Soweit auf unseren Seiten personenbezogene Daten (beispielsweise Name, Anschrift oder eMail-Adressen) erhoben werden, erfolgt dies, soweit m\u00f6glich, stets auf freiwilliger Basis. Diese Daten werden ohne deine ausdr\u00fcckliche Zustimmung nicht an Dritte weitergegeben.<\/span><\/p><p><span style=\"font-size: 0.9375rem;\">Wir weisen darauf hin, dass die Daten\u00fcbertragung im Internet (z.B. bei der Kommunikation per E-Mail) Sicherheitsl\u00fccken aufweisen kann. Ein l\u00fcckenloser Schutz der Daten vor dem Zugriff durch Dritte ist nicht m\u00f6glich.<\/span><\/p><p><span style=\"font-size: 0.9375rem;\">Der Nutzung von im Rahmen der Impressumspflicht ver\u00f6ffentlichten Kontaktdaten durch Dritte zur \u00dcbersendung von nicht ausdr\u00fccklich angeforderter Werbung und Informationsmaterialien wird hiermit ausdr\u00fccklich widersprochen. Die Betreiber der Seiten behalten sich ausdr\u00fccklich rechtliche Schritte im Falle der unverlangten Zusendung von Werbeinformationen, etwa durch Spam-Mails, vor.<\/span><\/p>\t\t\t\t\t\t\t\t<\/div>\n\t\t\t\t<\/div>\n\t\t\t\t\t<\/div>\n\t\t<\/div>\n\t\t\t\t\t<\/div>\n\t\t<\/section>\n\t\t\t\t<\/div>\n\t\t","protected":false},"excerpt":{"rendered":"<p>Impressum Primus Sport GmbH Voa Pedra Grossa 5 CH-7078 Lenzerheide info@primussport.ch\u00a0 +41 81 384 67 07\u00a0 \u00a0 Haftungsausschluss: Haftung f\u00fcr Inhalte Die Inhalte unserer Seiten wurden mit gr\u00f6\u00dfter Sorgfalt erstellt. F\u00fcr die Richtigkeit, Vollst\u00e4ndigkeit und Aktualit\u00e4t der Inhalte k\u00f6nnen wir jedoch keine Gew\u00e4hr \u00fcbernehmen. Als Diensteanbieter sind wir gem\u00e4\u00df \u00a7 7 Abs.1 TMG f\u00fcr eigene [&hellip;]<\/p>\n","protected":false},"author":2,"featured_media":0,"parent":0,"menu_order":0,"comment_status":"closed","ping_status":"closed","template":"fullwidth-without-container.php","meta":{"_acf_changed":false,"footnotes":""},"class_list":["post-208","page","type-page","status-publish","hentry"],"acf":[],"yoast_head":"<!-- This site is optimized with the Yoast SEO plugin v24.1 - https:\/\/yoast.com\/wordpress\/plugins\/seo\/ -->\n<title>Impressum ~ Snowboardschule Primus<\/title>\n<meta name=\"description\" content=\"Professional instruction in small groups or privately using the most up-to-date teaching methods is what you can expect at the Primus ski-and snow board school in Lenzerheide, Switzerland.\" \/>\n<meta name=\"robots\" content=\"index, follow, max-snippet:-1, max-image-preview:large, max-video-preview:-1\" \/>\n<link rel=\"canonical\" href=\"http:\/\/www.snowboardschule.com\/de\/impressum\/\" \/>\n<meta property=\"og:locale\" content=\"de_DE\" \/>\n<meta property=\"og:type\" content=\"article\" \/>\n<meta property=\"og:title\" content=\"Impressum ~ Snowboardschule Primus\" \/>\n<meta property=\"og:description\" content=\"Professional instruction in small groups or privately using the most up-to-date teaching methods is what you can expect at the Primus ski-and snow board school in Lenzerheide, Switzerland.\" \/>\n<meta property=\"og:url\" content=\"http:\/\/www.snowboardschule.com\/de\/impressum\/\" \/>\n<meta property=\"og:site_name\" content=\"Snowboardschule Primus\" \/>\n<meta property=\"article:publisher\" content=\"https:\/\/www.facebook.com\/Snowboardschule\/\" \/>\n<meta property=\"article:modified_time\" content=\"2024-10-24T17:34:11+00:00\" \/>\n<meta name=\"twitter:card\" content=\"summary_large_image\" \/>\n<meta name=\"twitter:label1\" content=\"Gesch\u00e4tzte Lesezeit\" \/>\n\t<meta name=\"twitter:data1\" content=\"3\u00a0Minuten\" \/>\n<script type=\"application\/ld+json\" class=\"yoast-schema-graph\">{\"@context\":\"https:\/\/schema.org\",\"@graph\":[{\"@type\":\"WebPage\",\"@id\":\"http:\/\/www.snowboardschule.com\/de\/impressum\/\",\"url\":\"http:\/\/www.snowboardschule.com\/de\/impressum\/\",\"name\":\"Impressum ~ Snowboardschule Primus\",\"isPartOf\":{\"@id\":\"http:\/\/www.snowboardschule.com\/de\/#website\"},\"datePublished\":\"2018-12-19T13:34:01+00:00\",\"dateModified\":\"2024-10-24T17:34:11+00:00\",\"description\":\"Professional instruction in small groups or privately using the most up-to-date teaching methods is what you can expect at the Primus ski-and snow board school in Lenzerheide, Switzerland.\",\"breadcrumb\":{\"@id\":\"http:\/\/www.snowboardschule.com\/de\/impressum\/#breadcrumb\"},\"inLanguage\":\"de\",\"potentialAction\":[{\"@type\":\"ReadAction\",\"target\":[\"http:\/\/www.snowboardschule.com\/de\/impressum\/\"]}]},{\"@type\":\"BreadcrumbList\",\"@id\":\"http:\/\/www.snowboardschule.com\/de\/impressum\/#breadcrumb\",\"itemListElement\":[{\"@type\":\"ListItem\",\"position\":1,\"name\":\"Home\",\"item\":\"https:\/\/www.snowboardschule.com\/de\/\"},{\"@type\":\"ListItem\",\"position\":2,\"name\":\"Impressum\"}]},{\"@type\":\"WebSite\",\"@id\":\"http:\/\/www.snowboardschule.com\/de\/#website\",\"url\":\"http:\/\/www.snowboardschule.com\/de\/\",\"name\":\"Snowboardschule Primus\",\"description\":\"Die \u00e4lteste Snowboardschule der Welt!\",\"publisher\":{\"@id\":\"http:\/\/www.snowboardschule.com\/de\/#organization\"},\"potentialAction\":[{\"@type\":\"SearchAction\",\"target\":{\"@type\":\"EntryPoint\",\"urlTemplate\":\"http:\/\/www.snowboardschule.com\/de\/?s={search_term_string}\"},\"query-input\":{\"@type\":\"PropertyValueSpecification\",\"valueRequired\":true,\"valueName\":\"search_term_string\"}}],\"inLanguage\":\"de\"},{\"@type\":\"Organization\",\"@id\":\"http:\/\/www.snowboardschule.com\/de\/#organization\",\"name\":\"Snowboardschule Primus\",\"url\":\"http:\/\/www.snowboardschule.com\/de\/\",\"logo\":{\"@type\":\"ImageObject\",\"inLanguage\":\"de\",\"@id\":\"http:\/\/www.snowboardschule.com\/de\/#\/schema\/logo\/image\/\",\"url\":\"https:\/\/www.snowboardschule.com\/wp-content\/uploads\/sites\/3\/2020\/01\/SBPrimus_pos_420.png\",\"contentUrl\":\"https:\/\/www.snowboardschule.com\/wp-content\/uploads\/sites\/3\/2020\/01\/SBPrimus_pos_420.png\",\"width\":420,\"height\":157,\"caption\":\"Snowboardschule Primus\"},\"image\":{\"@id\":\"http:\/\/www.snowboardschule.com\/de\/#\/schema\/logo\/image\/\"},\"sameAs\":[\"https:\/\/www.facebook.com\/Snowboardschule\/\"]}]}<\/script>\n<!-- \/ Yoast SEO plugin. -->","yoast_head_json":{"title":"Impressum ~ Snowboardschule Primus","description":"Professional instruction in small groups or privately using the most up-to-date teaching methods is what you can expect at the Primus ski-and snow board school in Lenzerheide, Switzerland.","robots":{"index":"index","follow":"follow","max-snippet":"max-snippet:-1","max-image-preview":"max-image-preview:large","max-video-preview":"max-video-preview:-1"},"canonical":"http:\/\/www.snowboardschule.com\/de\/impressum\/","og_locale":"de_DE","og_type":"article","og_title":"Impressum ~ Snowboardschule Primus","og_description":"Professional instruction in small groups or privately using the most up-to-date teaching methods is what you can expect at the Primus ski-and snow board school in Lenzerheide, Switzerland.","og_url":"http:\/\/www.snowboardschule.com\/de\/impressum\/","og_site_name":"Snowboardschule Primus","article_publisher":"https:\/\/www.facebook.com\/Snowboardschule\/","article_modified_time":"2024-10-24T17:34:11+00:00","twitter_card":"summary_large_image","twitter_misc":{"Gesch\u00e4tzte Lesezeit":"3\u00a0Minuten"},"schema":{"@context":"https:\/\/schema.org","@graph":[{"@type":"WebPage","@id":"http:\/\/www.snowboardschule.com\/de\/impressum\/","url":"http:\/\/www.snowboardschule.com\/de\/impressum\/","name":"Impressum ~ Snowboardschule Primus","isPartOf":{"@id":"http:\/\/www.snowboardschule.com\/de\/#website"},"datePublished":"2018-12-19T13:34:01+00:00","dateModified":"2024-10-24T17:34:11+00:00","description":"Professional instruction in small groups or privately using the most up-to-date teaching methods is what you can expect at the Primus ski-and snow board school in Lenzerheide, Switzerland.","breadcrumb":{"@id":"http:\/\/www.snowboardschule.com\/de\/impressum\/#breadcrumb"},"inLanguage":"de","potentialAction":[{"@type":"ReadAction","target":["http:\/\/www.snowboardschule.com\/de\/impressum\/"]}]},{"@type":"BreadcrumbList","@id":"http:\/\/www.snowboardschule.com\/de\/impressum\/#breadcrumb","itemListElement":[{"@type":"ListItem","position":1,"name":"Home","item":"https:\/\/www.snowboardschule.com\/de\/"},{"@type":"ListItem","position":2,"name":"Impressum"}]},{"@type":"WebSite","@id":"http:\/\/www.snowboardschule.com\/de\/#website","url":"http:\/\/www.snowboardschule.com\/de\/","name":"Snowboardschule Primus","description":"Die \u00e4lteste Snowboardschule der Welt!","publisher":{"@id":"http:\/\/www.snowboardschule.com\/de\/#organization"},"potentialAction":[{"@type":"SearchAction","target":{"@type":"EntryPoint","urlTemplate":"http:\/\/www.snowboardschule.com\/de\/?s={search_term_string}"},"query-input":{"@type":"PropertyValueSpecification","valueRequired":true,"valueName":"search_term_string"}}],"inLanguage":"de"},{"@type":"Organization","@id":"http:\/\/www.snowboardschule.com\/de\/#organization","name":"Snowboardschule Primus","url":"http:\/\/www.snowboardschule.com\/de\/","logo":{"@type":"ImageObject","inLanguage":"de","@id":"http:\/\/www.snowboardschule.com\/de\/#\/schema\/logo\/image\/","url":"https:\/\/www.snowboardschule.com\/wp-content\/uploads\/sites\/3\/2020\/01\/SBPrimus_pos_420.png","contentUrl":"https:\/\/www.snowboardschule.com\/wp-content\/uploads\/sites\/3\/2020\/01\/SBPrimus_pos_420.png","width":420,"height":157,"caption":"Snowboardschule Primus"},"image":{"@id":"http:\/\/www.snowboardschule.com\/de\/#\/schema\/logo\/image\/"},"sameAs":["https:\/\/www.facebook.com\/Snowboardschule\/"]}]}},"_links":{"self":[{"href":"https:\/\/www.snowboardschule.com\/de\/wp-json\/wp\/v2\/pages\/208"}],"collection":[{"href":"https:\/\/www.snowboardschule.com\/de\/wp-json\/wp\/v2\/pages"}],"about":[{"href":"https:\/\/www.snowboardschule.com\/de\/wp-json\/wp\/v2\/types\/page"}],"author":[{"embeddable":true,"href":"https:\/\/www.snowboardschule.com\/de\/wp-json\/wp\/v2\/users\/2"}],"replies":[{"embeddable":true,"href":"https:\/\/www.snowboardschule.com\/de\/wp-json\/wp\/v2\/comments?post=208"}],"version-history":[{"count":1,"href":"https:\/\/www.snowboardschule.com\/de\/wp-json\/wp\/v2\/pages\/208\/revisions"}],"predecessor-version":[{"id":6258,"href":"https:\/\/www.snowboardschule.com\/de\/wp-json\/wp\/v2\/pages\/208\/revisions\/6258"}],"wp:attachment":[{"href":"https:\/\/www.snowboardschule.com\/de\/wp-json\/wp\/v2\/media?parent=208"}],"curies":[{"name":"wp","href":"https:\/\/api.w.org\/{rel}","templated":true}]}}