{"id":5680,"date":"2020-10-26T10:47:27","date_gmt":"2020-10-26T08:47:27","guid":{"rendered":"https:\/\/www.snowboardschule.com\/?page_id=5680"},"modified":"2021-12-08T18:10:08","modified_gmt":"2021-12-08T16:10:08","slug":"covid-19","status":"publish","type":"page","link":"https:\/\/www.snowboardschule.com\/de\/covid-19\/","title":{"rendered":"Covid-19"},"content":{"rendered":"\t\t<div data-elementor-type=\"wp-page\" data-elementor-id=\"5680\" class=\"elementor elementor-5680\" data-elementor-post-type=\"page\">\n\t\t\t\t\t\t<section class=\"elementor-section elementor-top-section elementor-element elementor-element-d0aa2c6 elementor-section-stretched elementor-section-boxed elementor-section-height-default elementor-section-height-default\" data-id=\"d0aa2c6\" data-element_type=\"section\" data-settings=\"{&quot;stretch_section&quot;:&quot;section-stretched&quot;}\">\n\t\t\t\t\t\t<div class=\"elementor-container elementor-column-gap-default\">\n\t\t\t\t\t<div class=\"elementor-column elementor-col-100 elementor-top-column elementor-element elementor-element-bed9d3c\" data-id=\"bed9d3c\" data-element_type=\"column\">\n\t\t\t<div class=\"elementor-widget-wrap elementor-element-populated\">\n\t\t\t\t\t\t<div class=\"elementor-element elementor-element-a66ae75 elementor-widget elementor-widget-text-editor\" data-id=\"a66ae75\" data-element_type=\"widget\" data-widget_type=\"text-editor.default\">\n\t\t\t\t<div class=\"elementor-widget-container\">\n\t\t\t\t\t\t\t\t\t<h3>Konzepte &amp; Massnahmen<\/h3><p>Alle Schutzkonzepte und Massnahmen zum Schutz gegen Covid 19 in den Betrieben Snowboardschule Primus, Skischule Nova, Snowboardschule Primus.<\/p>\t\t\t\t\t\t\t\t<\/div>\n\t\t\t\t<\/div>\n\t\t\t\t<div class=\"elementor-element elementor-element-e3385bf elementor-align-left qb-download elementor-widget elementor-widget-button\" data-id=\"e3385bf\" data-element_type=\"widget\" data-widget_type=\"button.default\">\n\t\t\t\t<div class=\"elementor-widget-container\">\n\t\t\t\t\t\t\t\t\t<div class=\"elementor-button-wrapper\">\n\t\t\t\t\t<a class=\"elementor-button elementor-button-link elementor-size-md\" href=\"https:\/\/www.snowboardschule.com\/wp-content\/public-files\/Schutzkonzept%20Covid19\/Massnahmen-Snowboardschule-Primus-V2.pdf\" target=\"_blank\">\n\t\t\t\t\t\t<span class=\"elementor-button-content-wrapper\">\n\t\t\t\t\t\t<span class=\"elementor-button-icon\">\n\t\t\t\t<i aria-hidden=\"true\" class=\"fas fa-file-pdf\"><\/i>\t\t\t<\/span>\n\t\t\t\t\t\t\t\t\t<span class=\"elementor-button-text\">Massnahmen Snowboardschule Primus<\/span>\n\t\t\t\t\t<\/span>\n\t\t\t\t\t<\/a>\n\t\t\t\t<\/div>\n\t\t\t\t\t\t\t\t<\/div>\n\t\t\t\t<\/div>\n\t\t\t\t<div class=\"elementor-element elementor-element-2f6a66f elementor-align-left qb-download elementor-widget elementor-widget-button\" data-id=\"2f6a66f\" data-element_type=\"widget\" data-widget_type=\"button.default\">\n\t\t\t\t<div class=\"elementor-widget-container\">\n\t\t\t\t\t\t\t\t\t<div class=\"elementor-button-wrapper\">\n\t\t\t\t\t<a class=\"elementor-button elementor-button-link elementor-size-md\" href=\"https:\/\/www.snowboardschule.com\/wp-content\/public-files\/Schutzkonzept%20Covid19\/Massnahmen-Skischule-Nova-V2.pdf\" target=\"_blank\">\n\t\t\t\t\t\t<span class=\"elementor-button-content-wrapper\">\n\t\t\t\t\t\t<span class=\"elementor-button-icon\">\n\t\t\t\t<i aria-hidden=\"true\" class=\"fas fa-file-pdf\"><\/i>\t\t\t<\/span>\n\t\t\t\t\t\t\t\t\t<span class=\"elementor-button-text\">Massnahmen Skischule Nova<\/span>\n\t\t\t\t\t<\/span>\n\t\t\t\t\t<\/a>\n\t\t\t\t<\/div>\n\t\t\t\t\t\t\t\t<\/div>\n\t\t\t\t<\/div>\n\t\t\t\t<div class=\"elementor-element elementor-element-6fadcaa elementor-align-left qb-download elementor-widget elementor-widget-button\" data-id=\"6fadcaa\" data-element_type=\"widget\" data-widget_type=\"button.default\">\n\t\t\t\t<div class=\"elementor-widget-container\">\n\t\t\t\t\t\t\t\t\t<div class=\"elementor-button-wrapper\">\n\t\t\t\t\t<a class=\"elementor-button elementor-button-link elementor-size-md\" href=\"https:\/\/www.snowboardschule.com\/wp-content\/public-files\/Schutzkonzept%20Covid19\/Massnahmen-Primus-Sport-und-Booking.pdf\" target=\"_blank\">\n\t\t\t\t\t\t<span class=\"elementor-button-content-wrapper\">\n\t\t\t\t\t\t<span class=\"elementor-button-icon\">\n\t\t\t\t<i aria-hidden=\"true\" class=\"fas fa-file-pdf\"><\/i>\t\t\t<\/span>\n\t\t\t\t\t\t\t\t\t<span class=\"elementor-button-text\">Massnahmen Primus Sport und Booking<\/span>\n\t\t\t\t\t<\/span>\n\t\t\t\t\t<\/a>\n\t\t\t\t<\/div>\n\t\t\t\t\t\t\t\t<\/div>\n\t\t\t\t<\/div>\n\t\t\t\t<div class=\"elementor-element elementor-element-ec476f5 elementor-align-left qb-download elementor-widget elementor-widget-button\" data-id=\"ec476f5\" data-element_type=\"widget\" data-widget_type=\"button.default\">\n\t\t\t\t<div class=\"elementor-widget-container\">\n\t\t\t\t\t\t\t\t\t<div class=\"elementor-button-wrapper\">\n\t\t\t\t\t<a class=\"elementor-button elementor-button-link elementor-size-md\" href=\"https:\/\/www.snowboardschule.com\/wp-content\/public-files\/Schutzkonzept%20Covid19\/Gesamt-Schutzkonzept-Covid-19-V2.pdf\" target=\"_blank\">\n\t\t\t\t\t\t<span class=\"elementor-button-content-wrapper\">\n\t\t\t\t\t\t<span class=\"elementor-button-icon\">\n\t\t\t\t<i aria-hidden=\"true\" class=\"fas fa-file-pdf\"><\/i>\t\t\t<\/span>\n\t\t\t\t\t\t\t\t\t<span class=\"elementor-button-text\">Gesamt Schutzkonzept Covid 19 alle Betriebe Primus\/NOVA<\/span>\n\t\t\t\t\t<\/span>\n\t\t\t\t\t<\/a>\n\t\t\t\t<\/div>\n\t\t\t\t\t\t\t\t<\/div>\n\t\t\t\t<\/div>\n\t\t\t\t<div class=\"elementor-element elementor-element-3714c63 elementor-align-left qb-download elementor-widget elementor-widget-button\" data-id=\"3714c63\" data-element_type=\"widget\" data-widget_type=\"button.default\">\n\t\t\t\t<div class=\"elementor-widget-container\">\n\t\t\t\t\t\t\t\t\t<div class=\"elementor-button-wrapper\">\n\t\t\t\t\t<a class=\"elementor-button elementor-button-link elementor-size-md\" href=\"https:\/\/www.snowboardschule.com\/wp-content\/public-files\/Schutzkonzept%20Covid19\/Schutzkonzept-Snowboardschule-Primus-2.pdf\" target=\"_blank\">\n\t\t\t\t\t\t<span class=\"elementor-button-content-wrapper\">\n\t\t\t\t\t\t<span class=\"elementor-button-icon\">\n\t\t\t\t<i aria-hidden=\"true\" class=\"fas fa-file-pdf\"><\/i>\t\t\t<\/span>\n\t\t\t\t\t\t\t\t\t<span class=\"elementor-button-text\">Schutzkonzept Snowboardschule Primus<\/span>\n\t\t\t\t\t<\/span>\n\t\t\t\t\t<\/a>\n\t\t\t\t<\/div>\n\t\t\t\t\t\t\t\t<\/div>\n\t\t\t\t<\/div>\n\t\t\t\t<div class=\"elementor-element elementor-element-fc46d60 elementor-align-left qb-download elementor-widget elementor-widget-button\" data-id=\"fc46d60\" data-element_type=\"widget\" data-widget_type=\"button.default\">\n\t\t\t\t<div class=\"elementor-widget-container\">\n\t\t\t\t\t\t\t\t\t<div class=\"elementor-button-wrapper\">\n\t\t\t\t\t<a class=\"elementor-button elementor-button-link elementor-size-md\" href=\"https:\/\/www.snowboardschule.com\/wp-content\/public-files\/Schutzkonzept%20Covid19\/Schutzkonzept-Skischule-Nova-1.pdf\" target=\"_blank\">\n\t\t\t\t\t\t<span class=\"elementor-button-content-wrapper\">\n\t\t\t\t\t\t<span class=\"elementor-button-icon\">\n\t\t\t\t<i aria-hidden=\"true\" class=\"fas fa-file-pdf\"><\/i>\t\t\t<\/span>\n\t\t\t\t\t\t\t\t\t<span class=\"elementor-button-text\">Schutzkonzept Skischule Nova<\/span>\n\t\t\t\t\t<\/span>\n\t\t\t\t\t<\/a>\n\t\t\t\t<\/div>\n\t\t\t\t\t\t\t\t<\/div>\n\t\t\t\t<\/div>\n\t\t\t\t<div class=\"elementor-element elementor-element-30e9e6b elementor-align-left qb-download elementor-widget elementor-widget-button\" data-id=\"30e9e6b\" data-element_type=\"widget\" data-widget_type=\"button.default\">\n\t\t\t\t<div class=\"elementor-widget-container\">\n\t\t\t\t\t\t\t\t\t<div class=\"elementor-button-wrapper\">\n\t\t\t\t\t<a class=\"elementor-button elementor-button-link elementor-size-md\" href=\"https:\/\/www.snowboardschule.com\/wp-content\/public-files\/Schutzkonzept%20Covid19\/Schutzkonzept-Primus-Sport-und-Booking.pdf\" target=\"_blank\">\n\t\t\t\t\t\t<span class=\"elementor-button-content-wrapper\">\n\t\t\t\t\t\t<span class=\"elementor-button-icon\">\n\t\t\t\t<i aria-hidden=\"true\" class=\"fas fa-file-pdf\"><\/i>\t\t\t<\/span>\n\t\t\t\t\t\t\t\t\t<span class=\"elementor-button-text\">Schutzkonzept Primus Sport und Booking<\/span>\n\t\t\t\t\t<\/span>\n\t\t\t\t\t<\/a>\n\t\t\t\t<\/div>\n\t\t\t\t\t\t\t\t<\/div>\n\t\t\t\t<\/div>\n\t\t\t\t<div class=\"elementor-element elementor-element-26f3403 elementor-widget elementor-widget-text-editor\" data-id=\"26f3403\" data-element_type=\"widget\" data-widget_type=\"text-editor.default\">\n\t\t\t\t<div class=\"elementor-widget-container\">\n\t\t\t\t\t\t\t\t\t<p>Aktuelle \u00c4nderungen durch den Bundesrat im Angebot aufgrund der Regelungen vom Freitag 18.12.2020. Die Restaurants bleiben geschlossen, es besteht die M\u00f6glichkeit von Take-Away Angeboten. Fast alle Restaurants im Schneesportgebiet bieten diesen Service an.<\/p><div><p><span class=\"mcnt\" style=\"font-weight: bold;\">Anpassungen f\u00fcr den Unterricht.<\/span><\/p><div class=\"mcnt\"><span class=\"mcnt\" style=\"font-weight: bold;\">Privat<\/span>\u00a0Unterricht &gt; keine Anpassungen\u00a0<span class=\"mcnt\" style=\"font-weight: bold;\">normal buchbar.<\/span><\/div><div class=\"mcnt\">Gruppenunterricht Kinder und Jugendliche bis 16 Jahre\u00a0<span class=\"mcnt\" style=\"font-weight: bold;\">Morgen<\/span>\u00a0und\u00a0<span class=\"mcnt\" style=\"font-weight: bold;\">Nachmittags<\/span>\u00a0&gt; keine Anpassungen\u00a0<span class=\"mcnt\" style=\"font-weight: bold;\">normal buchbar.<\/span><\/div><div class=\"mcnt\"><div class=\"mcnt\">Gruppenunterricht Jugendliche ab 16 Jahre und Erwachsene\u00a0<span class=\"mcnt\" style=\"font-weight: bold;\">Morgen<\/span>\u00a0und\u00a0<span class=\"mcnt\" style=\"font-weight: bold;\">Nachmittags<\/span>\u00a0&gt; Leichte Preisanpassung durch Gruppengr\u00f6sse max. 4 Personen\u00a0<span class=\"mcnt\" style=\"font-weight: bold;\">normal buchbar.<\/span><\/div><\/div><div class=\"mcnt\"><span class=\"mcnt\" style=\"font-weight: bold;\">Ganztages<\/span>\u00a0Unterricht &gt; ab Restaurant \u00d6ffnung wieder buchbar\u00a0<span class=\"mcnt\" style=\"font-weight: bold;\">zurzeit nicht buchbar.<\/span><\/div><div class=\"mcnt\"><span class=\"mcnt\" style=\"font-weight: bold;\">\u00a0<\/span><\/div><div class=\"mcnt\"><span class=\"mcnt\" style=\"font-weight: bold;\">Anpassung f\u00fcr die Vermietung\u00a0<\/span><\/div><div class=\"mcnt\">Im Vermiet-Raum besteht eine Personenzahl-Beschr\u00e4nkung. Mietmaterial sollte nach M\u00f6glichkeit vor gebucht werden. Personen mit Vor-Buchung, k\u00f6nnen dadurch schneller bedient werden. Wir bitten, die Stosszeiten Samstag und Sonntag morgen bis 11:00 und Nachmittags ab 15:00 Uhr, wenn m\u00f6glich zu meiden. Vorreservationen helfen, w\u00e4hrend den Stosszeiten die Wartezeiten zu reduzieren.<\/div><div class=\"mcnt\">\u00a0<\/div><div class=\"mcnt\"><span class=\"mcnt\" style=\"font-weight: bold;\">Depot Vermietung<\/span><\/div><div class=\"mcnt\">W\u00e4hrend den Hochsaison Wochen bitten wir die Kunden, die Miet-Schuhe nach Hause zu nehmen. Skier und Board\u2019s k\u00f6nnen wie gewohnt deponiert werden.<\/div><div class=\"mcnt\">\u00a0<\/div><div class=\"mcnt\"><span class=\"mcnt\" style=\"font-weight: bold;\">Shop Verkauf<\/span><\/div><div class=\"mcnt\">Der Shop Teil bleibt am Sonntag und an Feiertagen durch eine Abtrennung geschlossen.<\/div><\/div>\t\t\t\t\t\t\t\t<\/div>\n\t\t\t\t<\/div>\n\t\t\t\t\t<\/div>\n\t\t<\/div>\n\t\t\t\t\t<\/div>\n\t\t<\/section>\n\t\t\t\t<\/div>\n\t\t","protected":false},"excerpt":{"rendered":"<p>Konzepte &amp; Massnahmen Alle Schutzkonzepte und Massnahmen zum Schutz gegen Covid 19 in den Betrieben Snowboardschule Primus, Skischule Nova, Snowboardschule Primus. Massnahmen Snowboardschule Primus Massnahmen Skischule Nova Massnahmen Primus Sport und Booking Gesamt Schutzkonzept Covid 19 alle Betriebe Primus\/NOVA Schutzkonzept Snowboardschule Primus Schutzkonzept Skischule Nova Schutzkonzept Primus Sport und Booking Aktuelle \u00c4nderungen durch den Bundesrat [&hellip;]<\/p>\n","protected":false},"author":2,"featured_media":0,"parent":0,"menu_order":0,"comment_status":"closed","ping_status":"closed","template":"elementor_header_footer","meta":{"_acf_changed":false,"footnotes":""},"class_list":["post-5680","page","type-page","status-publish","hentry"],"acf":[],"yoast_head":"<!-- This site is optimized with the Yoast SEO plugin v24.1 - https:\/\/yoast.com\/wordpress\/plugins\/seo\/ -->\n<title>Covid-19 ~ Snowboardschule Primus<\/title>\n<meta name=\"description\" content=\"Professional instruction in small groups or privately using the most up-to-date teaching methods is what you can expect at the Primus ski-and snow board school in Lenzerheide, Switzerland.\" \/>\n<meta name=\"robots\" content=\"index, follow, max-snippet:-1, max-image-preview:large, max-video-preview:-1\" \/>\n<link rel=\"canonical\" href=\"http:\/\/www.snowboardschule.com\/de\/covid-19\/\" \/>\n<meta property=\"og:locale\" content=\"de_DE\" \/>\n<meta property=\"og:type\" content=\"article\" \/>\n<meta property=\"og:title\" content=\"Covid-19 ~ Snowboardschule Primus\" \/>\n<meta property=\"og:description\" content=\"Professional instruction in small groups or privately using the most up-to-date teaching methods is what you can expect at the Primus ski-and snow board school in Lenzerheide, Switzerland.\" \/>\n<meta property=\"og:url\" content=\"http:\/\/www.snowboardschule.com\/de\/covid-19\/\" \/>\n<meta property=\"og:site_name\" content=\"Snowboardschule Primus\" \/>\n<meta property=\"article:publisher\" content=\"https:\/\/www.facebook.com\/Snowboardschule\/\" \/>\n<meta property=\"article:modified_time\" content=\"2021-12-08T16:10:08+00:00\" \/>\n<meta name=\"twitter:card\" content=\"summary_large_image\" \/>\n<meta name=\"twitter:label1\" content=\"Gesch\u00e4tzte Lesezeit\" \/>\n\t<meta name=\"twitter:data1\" content=\"2\u00a0Minuten\" \/>\n<script type=\"application\/ld+json\" class=\"yoast-schema-graph\">{\"@context\":\"https:\/\/schema.org\",\"@graph\":[{\"@type\":\"WebPage\",\"@id\":\"http:\/\/www.snowboardschule.com\/de\/covid-19\/\",\"url\":\"http:\/\/www.snowboardschule.com\/de\/covid-19\/\",\"name\":\"Covid-19 ~ Snowboardschule Primus\",\"isPartOf\":{\"@id\":\"http:\/\/www.snowboardschule.com\/de\/#website\"},\"datePublished\":\"2020-10-26T08:47:27+00:00\",\"dateModified\":\"2021-12-08T16:10:08+00:00\",\"description\":\"Professional instruction in small groups or privately using the most up-to-date teaching methods is what you can expect at the Primus ski-and snow board school in Lenzerheide, Switzerland.\",\"breadcrumb\":{\"@id\":\"http:\/\/www.snowboardschule.com\/de\/covid-19\/#breadcrumb\"},\"inLanguage\":\"de\",\"potentialAction\":[{\"@type\":\"ReadAction\",\"target\":[\"http:\/\/www.snowboardschule.com\/de\/covid-19\/\"]}]},{\"@type\":\"BreadcrumbList\",\"@id\":\"http:\/\/www.snowboardschule.com\/de\/covid-19\/#breadcrumb\",\"itemListElement\":[{\"@type\":\"ListItem\",\"position\":1,\"name\":\"Home\",\"item\":\"http:\/\/www.snowboardschule.com\/de\/\"},{\"@type\":\"ListItem\",\"position\":2,\"name\":\"Covid-19\"}]},{\"@type\":\"WebSite\",\"@id\":\"http:\/\/www.snowboardschule.com\/de\/#website\",\"url\":\"http:\/\/www.snowboardschule.com\/de\/\",\"name\":\"Snowboardschule Primus\",\"description\":\"Die \u00e4lteste Snowboardschule der Welt!\",\"publisher\":{\"@id\":\"http:\/\/www.snowboardschule.com\/de\/#organization\"},\"potentialAction\":[{\"@type\":\"SearchAction\",\"target\":{\"@type\":\"EntryPoint\",\"urlTemplate\":\"http:\/\/www.snowboardschule.com\/de\/?s={search_term_string}\"},\"query-input\":{\"@type\":\"PropertyValueSpecification\",\"valueRequired\":true,\"valueName\":\"search_term_string\"}}],\"inLanguage\":\"de\"},{\"@type\":\"Organization\",\"@id\":\"http:\/\/www.snowboardschule.com\/de\/#organization\",\"name\":\"Snowboardschule Primus\",\"url\":\"http:\/\/www.snowboardschule.com\/de\/\",\"logo\":{\"@type\":\"ImageObject\",\"inLanguage\":\"de\",\"@id\":\"http:\/\/www.snowboardschule.com\/de\/#\/schema\/logo\/image\/\",\"url\":\"https:\/\/www.snowboardschule.com\/wp-content\/uploads\/sites\/3\/2020\/01\/SBPrimus_pos_420.png\",\"contentUrl\":\"https:\/\/www.snowboardschule.com\/wp-content\/uploads\/sites\/3\/2020\/01\/SBPrimus_pos_420.png\",\"width\":420,\"height\":157,\"caption\":\"Snowboardschule Primus\"},\"image\":{\"@id\":\"http:\/\/www.snowboardschule.com\/de\/#\/schema\/logo\/image\/\"},\"sameAs\":[\"https:\/\/www.facebook.com\/Snowboardschule\/\"]}]}<\/script>\n<!-- \/ Yoast SEO plugin. -->","yoast_head_json":{"title":"Covid-19 ~ Snowboardschule Primus","description":"Professional instruction in small groups or privately using the most up-to-date teaching methods is what you can expect at the Primus ski-and snow board school in Lenzerheide, Switzerland.","robots":{"index":"index","follow":"follow","max-snippet":"max-snippet:-1","max-image-preview":"max-image-preview:large","max-video-preview":"max-video-preview:-1"},"canonical":"http:\/\/www.snowboardschule.com\/de\/covid-19\/","og_locale":"de_DE","og_type":"article","og_title":"Covid-19 ~ Snowboardschule Primus","og_description":"Professional instruction in small groups or privately using the most up-to-date teaching methods is what you can expect at the Primus ski-and snow board school in Lenzerheide, Switzerland.","og_url":"http:\/\/www.snowboardschule.com\/de\/covid-19\/","og_site_name":"Snowboardschule Primus","article_publisher":"https:\/\/www.facebook.com\/Snowboardschule\/","article_modified_time":"2021-12-08T16:10:08+00:00","twitter_card":"summary_large_image","twitter_misc":{"Gesch\u00e4tzte Lesezeit":"2\u00a0Minuten"},"schema":{"@context":"https:\/\/schema.org","@graph":[{"@type":"WebPage","@id":"http:\/\/www.snowboardschule.com\/de\/covid-19\/","url":"http:\/\/www.snowboardschule.com\/de\/covid-19\/","name":"Covid-19 ~ Snowboardschule Primus","isPartOf":{"@id":"http:\/\/www.snowboardschule.com\/de\/#website"},"datePublished":"2020-10-26T08:47:27+00:00","dateModified":"2021-12-08T16:10:08+00:00","description":"Professional instruction in small groups or privately using the most up-to-date teaching methods is what you can expect at the Primus ski-and snow board school in Lenzerheide, Switzerland.","breadcrumb":{"@id":"http:\/\/www.snowboardschule.com\/de\/covid-19\/#breadcrumb"},"inLanguage":"de","potentialAction":[{"@type":"ReadAction","target":["http:\/\/www.snowboardschule.com\/de\/covid-19\/"]}]},{"@type":"BreadcrumbList","@id":"http:\/\/www.snowboardschule.com\/de\/covid-19\/#breadcrumb","itemListElement":[{"@type":"ListItem","position":1,"name":"Home","item":"http:\/\/www.snowboardschule.com\/de\/"},{"@type":"ListItem","position":2,"name":"Covid-19"}]},{"@type":"WebSite","@id":"http:\/\/www.snowboardschule.com\/de\/#website","url":"http:\/\/www.snowboardschule.com\/de\/","name":"Snowboardschule Primus","description":"Die \u00e4lteste Snowboardschule der Welt!","publisher":{"@id":"http:\/\/www.snowboardschule.com\/de\/#organization"},"potentialAction":[{"@type":"SearchAction","target":{"@type":"EntryPoint","urlTemplate":"http:\/\/www.snowboardschule.com\/de\/?s={search_term_string}"},"query-input":{"@type":"PropertyValueSpecification","valueRequired":true,"valueName":"search_term_string"}}],"inLanguage":"de"},{"@type":"Organization","@id":"http:\/\/www.snowboardschule.com\/de\/#organization","name":"Snowboardschule Primus","url":"http:\/\/www.snowboardschule.com\/de\/","logo":{"@type":"ImageObject","inLanguage":"de","@id":"http:\/\/www.snowboardschule.com\/de\/#\/schema\/logo\/image\/","url":"https:\/\/www.snowboardschule.com\/wp-content\/uploads\/sites\/3\/2020\/01\/SBPrimus_pos_420.png","contentUrl":"https:\/\/www.snowboardschule.com\/wp-content\/uploads\/sites\/3\/2020\/01\/SBPrimus_pos_420.png","width":420,"height":157,"caption":"Snowboardschule Primus"},"image":{"@id":"http:\/\/www.snowboardschule.com\/de\/#\/schema\/logo\/image\/"},"sameAs":["https:\/\/www.facebook.com\/Snowboardschule\/"]}]}},"_links":{"self":[{"href":"https:\/\/www.snowboardschule.com\/de\/wp-json\/wp\/v2\/pages\/5680"}],"collection":[{"href":"https:\/\/www.snowboardschule.com\/de\/wp-json\/wp\/v2\/pages"}],"about":[{"href":"https:\/\/www.snowboardschule.com\/de\/wp-json\/wp\/v2\/types\/page"}],"author":[{"embeddable":true,"href":"https:\/\/www.snowboardschule.com\/de\/wp-json\/wp\/v2\/users\/2"}],"replies":[{"embeddable":true,"href":"https:\/\/www.snowboardschule.com\/de\/wp-json\/wp\/v2\/comments?post=5680"}],"version-history":[{"count":17,"href":"https:\/\/www.snowboardschule.com\/de\/wp-json\/wp\/v2\/pages\/5680\/revisions"}],"predecessor-version":[{"id":5933,"href":"https:\/\/www.snowboardschule.com\/de\/wp-json\/wp\/v2\/pages\/5680\/revisions\/5933"}],"wp:attachment":[{"href":"https:\/\/www.snowboardschule.com\/de\/wp-json\/wp\/v2\/media?parent=5680"}],"curies":[{"name":"wp","href":"https:\/\/api.w.org\/{rel}","templated":true}]}}